{"id":23823,"date":"2025-07-17T10:49:50","date_gmt":"2025-07-17T10:49:50","guid":{"rendered":"https:\/\/virtuosevorace.com\/?post_type=product&#038;p=23823"},"modified":"2025-08-15T00:37:37","modified_gmt":"2025-08-15T00:37:37","slug":"jupe-vichy-francais","status":"publish","type":"product","link":"https:\/\/virtuosevorace.com\/ar\/product\/jupe-vichy-francais\/","title":{"rendered":"Jupe vichy fran\u00e7ais"},"content":{"rendered":"<p><span style=\"font-size: 17px;\">Jupe longue au motif vichy, coupe fluide et tomb\u00e9 sublime.<\/span><\/p>\n<p><span style=\"font-size: 17px;\">L\u00e9g\u00e8re et agr\u00e9able \u00e0 porter.<\/span><br \/>\n<span style=\"font-size: 17px;\">\u00c0 associer aussi bien avec des talons qu\u2019avec des chaussures plates.<\/span><\/p>\n<p>facile \u00e0 assortir avec tous type de hauts <span style=\"font-size: 17px;\">pour varier les styles<\/span>.<br \/>\n<span style=\"font-size: 17px;\">Un basique \u00e9l\u00e9gant et f\u00e9minin \u00e0 avoir dans sa garde-robe.<\/span><\/p>","protected":false},"excerpt":{"rendered":"<p>Jupe longue au motif vichy, coupe fluide et tomb\u00e9 sublime. L\u00e9g\u00e8re et agr\u00e9able \u00e0 porter. \u00c0 associer aussi bien avec<\/p>","protected":false},"featured_media":23885,"comment_status":"open","ping_status":"closed","template":"","meta":[],"product_brand":[],"product_cat":[32],"product_tag":[],"class_list":{"0":"post-23823","1":"product","2":"type-product","3":"status-publish","4":"has-post-thumbnail","6":"product_cat-jupe","8":"first","9":"instock","10":"shipping-taxable","11":"purchasable","12":"product-type-variable"},"jetpack_sharing_enabled":true,"_links":{"self":[{"href":"https:\/\/virtuosevorace.com\/ar\/wp-json\/wp\/v2\/product\/23823","targetHints":{"allow":["GET"]}}],"collection":[{"href":"https:\/\/virtuosevorace.com\/ar\/wp-json\/wp\/v2\/product"}],"about":[{"href":"https:\/\/virtuosevorace.com\/ar\/wp-json\/wp\/v2\/types\/product"}],"replies":[{"embeddable":true,"href":"https:\/\/virtuosevorace.com\/ar\/wp-json\/wp\/v2\/comments?post=23823"}],"version-history":[{"count":3,"href":"https:\/\/virtuosevorace.com\/ar\/wp-json\/wp\/v2\/product\/23823\/revisions"}],"predecessor-version":[{"id":24076,"href":"https:\/\/virtuosevorace.com\/ar\/wp-json\/wp\/v2\/product\/23823\/revisions\/24076"}],"wp:featuredmedia":[{"embeddable":true,"href":"https:\/\/virtuosevorace.com\/ar\/wp-json\/wp\/v2\/media\/23885"}],"wp:attachment":[{"href":"https:\/\/virtuosevorace.com\/ar\/wp-json\/wp\/v2\/media?parent=23823"}],"wp:term":[{"taxonomy":"product_brand","embeddable":true,"href":"https:\/\/virtuosevorace.com\/ar\/wp-json\/wp\/v2\/product_brand?post=23823"},{"taxonomy":"product_cat","embeddable":true,"href":"https:\/\/virtuosevorace.com\/ar\/wp-json\/wp\/v2\/product_cat?post=23823"},{"taxonomy":"product_tag","embeddable":true,"href":"https:\/\/virtuosevorace.com\/ar\/wp-json\/wp\/v2\/product_tag?post=23823"}],"curies":[{"name":"wp","href":"https:\/\/api.w.org\/{rel}","templated":true}]}}