{"id":23998,"date":"2025-08-09T12:11:36","date_gmt":"2025-08-09T12:11:36","guid":{"rendered":"https:\/\/virtuosevorace.com\/?post_type=product&#038;p=23998"},"modified":"2025-08-09T13:00:41","modified_gmt":"2025-08-09T13:00:41","slug":"top-soie","status":"publish","type":"product","link":"https:\/\/virtuosevorace.com\/ar\/product\/top-soie\/","title":{"rendered":"Top-soie"},"content":{"rendered":"<p>Douceur et Polyvalence<br \/>\nD\u00e9couvrez l\u2019\u00e9l\u00e9gance intemporelle de notre top en belle soie, disponible en deux couleurs. Con\u00e7u dans un tissu soyeux au toucher tendre et d\u2019une douceur in\u00e9gal\u00e9e, il se porte aussi bien \u00e0 l\u2019int\u00e9rieur qu\u2019\u00e0 l\u2019ext\u00e9rieur. Glissez-le sous un kimono pour un look raffin\u00e9, portez-le en dessous d\u2019une robe comme un sous-pull d\u00e9licat, ou laissez-le briller seul pour un style simple et chic. Un indispensable qui allie confort, fluidit\u00e9 et sophistication.<\/p>","protected":false},"excerpt":{"rendered":"<p>Douceur et Polyvalence D\u00e9couvrez l\u2019\u00e9l\u00e9gance intemporelle de notre top en belle soie, disponible en deux couleurs. Con\u00e7u dans un tissu<\/p>","protected":false},"featured_media":24027,"comment_status":"open","ping_status":"closed","template":"","meta":[],"product_brand":[],"product_cat":[75],"product_tag":[],"class_list":{"0":"post-23998","1":"product","2":"type-product","3":"status-publish","4":"has-post-thumbnail","6":"product_cat-tops","8":"first","9":"instock","10":"shipping-taxable","11":"purchasable","12":"product-type-variable"},"jetpack_sharing_enabled":true,"_links":{"self":[{"href":"https:\/\/virtuosevorace.com\/ar\/wp-json\/wp\/v2\/product\/23998","targetHints":{"allow":["GET"]}}],"collection":[{"href":"https:\/\/virtuosevorace.com\/ar\/wp-json\/wp\/v2\/product"}],"about":[{"href":"https:\/\/virtuosevorace.com\/ar\/wp-json\/wp\/v2\/types\/product"}],"replies":[{"embeddable":true,"href":"https:\/\/virtuosevorace.com\/ar\/wp-json\/wp\/v2\/comments?post=23998"}],"version-history":[{"count":1,"href":"https:\/\/virtuosevorace.com\/ar\/wp-json\/wp\/v2\/product\/23998\/revisions"}],"predecessor-version":[{"id":24003,"href":"https:\/\/virtuosevorace.com\/ar\/wp-json\/wp\/v2\/product\/23998\/revisions\/24003"}],"wp:featuredmedia":[{"embeddable":true,"href":"https:\/\/virtuosevorace.com\/ar\/wp-json\/wp\/v2\/media\/24027"}],"wp:attachment":[{"href":"https:\/\/virtuosevorace.com\/ar\/wp-json\/wp\/v2\/media?parent=23998"}],"wp:term":[{"taxonomy":"product_brand","embeddable":true,"href":"https:\/\/virtuosevorace.com\/ar\/wp-json\/wp\/v2\/product_brand?post=23998"},{"taxonomy":"product_cat","embeddable":true,"href":"https:\/\/virtuosevorace.com\/ar\/wp-json\/wp\/v2\/product_cat?post=23998"},{"taxonomy":"product_tag","embeddable":true,"href":"https:\/\/virtuosevorace.com\/ar\/wp-json\/wp\/v2\/product_tag?post=23998"}],"curies":[{"name":"wp","href":"https:\/\/api.w.org\/{rel}","templated":true}]}}